{"id":18,"date":"2020-09-03T09:16:34","date_gmt":"2020-09-03T09:16:34","guid":{"rendered":"https:\/\/eym.dk\/doris\/?page_id=18"},"modified":"2026-01-09T16:01:17","modified_gmt":"2026-01-09T15:01:17","slug":"forside","status":"publish","type":"page","link":"https:\/\/eym.dk\/doris\/","title":{"rendered":"FORSIDE"},"content":{"rendered":"\n<h1>\n\t\t\tDoris Knak\t<\/h1>\n<h3>\n\t\t\thealing \u00b7\u00a0n\u00e6rv\u00e6r \u00b7 meditation \u00b7\u00a0livsgl\u00e6de \u00b7\u00a0vitalitet\t<\/h3>\n\t<p>Del p\u00e5 facebook eller mail<\/p>\n<a href=\"https:\/\/www.facebook.com\/sharer.php?u=https%3A%2F%2Feym.dk%2Fdoris%2F%3Ffl_builder\" target=\"_blank\" onclick=\"window.open(this.href,'social-share','left=20,top=20,width=500,height=500,toolbar=1,resizable=0');return false;\">\t\t\t\t\n\t\t<\/a><a href=\"mailto:?body=https%3A%2F%2Feym.dk%2Fdoris%2F%3Ffl_builder\" target=\"_self\">\t\t\t\t\n\t\t<\/a>\n<h4>\n\t\t\tEt nyt kapitel &#8211; og en sk\u00f8n hverdag i den nye klinik\t<\/h4>\n<article id=\"post-45\">\n<section data-uk-grid-match=\"{target:'&gt; div &gt; .uk-panel'}\" data-uk-grid-margin=\"\">\n<h6>Den 1. august flyttede jeg klinikken til Kirkevej 13 &#8211; og nu, et par m\u00e5neder senere, kan jeg med gl\u00e6de sige, at jeg er faldet rigtig godt til. Lokalerne summer af ro og lys, og udsigten giver en stille gl\u00e6de og inspiration i hverdagen. Det er en forn\u00f8jelse at byde b\u00e5de kendte og nye ansigter velkommen.<\/h6>\n<h6>Tak til alle jer, der har fulgt med i flytningen &#8211; og til jer, der er en del af den nye tid her p\u00e5 Kirkevej.<br \/>\nHold gerne \u00f8je her p\u00e5 siden for opdateringer om grupper, forl\u00f8b og kommende kurser.<br \/>\nBlot et forslag.<\/h6>\n<\/section>\n<\/article>\n<h2>\n\t\t\tn\u00e6rv\u00e6r\t<\/h2>\n<h2>\n\t\t\tAKTUELT\t<\/h2>\n<h2>\n\t\t\tgrupper \u00b7\u00a0forl\u00f8b \u00b7\u00a0kurser\t<\/h2>\n<h2>\n\t\t\tmeditation\t<\/h2>\n<h2  id=\"om\">\n\t\t\tOM \u00b7 Doris Knak\t<\/h2>\n\t\t\t\t<img decoding=\"async\" src=\"https:\/\/eym.dk\/doris\/wp-content\/uploads\/2025\/04\/Doris_Knak_kvadrat.png\" alt=\"Doris_Knak_kvadrat\" itemprop=\"image\" height=\"223\" width=\"223\" title=\"Doris_Knak_kvadrat\" onerror=\"this.style.display='none'\" loading=\"lazy\" \/>\n\t<h6>DORIS underviser i energi\u00f8velser, meditation og bevidstheds udvikling.<\/h6>\n<h6>Hun arbejder ud fra den betragtning at sind, krop, psyke og eksistens udg\u00f8r en helhed og tilbyder kurser og forl\u00f8b med fokus p\u00e5 meditativ fordybning og energiarbejde.<\/h6>\n<h6>Udviklingsgrupper med erfarne, m\u00f8des typisk en gang om m\u00e5neden. I perioder tilbydes ogs\u00e5 \u00e5bne grupper for &#8216;nye&#8217;.<\/h6>\n\tBAGGRUND<br \/>\nDoris arbejder som selvst\u00e6ndig behandler med speciale i zoneterapi, akupunktur, Kranio-Sakral Terapi og samtaler. Hun har gennem mere end 30 \u00e5r m\u00f8dt mennesker og deres forskellige udfordringer med et fokus p\u00e5 at kombinere traditionel behandling og en helhedsorienteret tilgang.\n<p>Doris har siden 1998 haft en daglig praksis med meditation og Bob Moores energi\u00f8velser, som har givet indsigt i kroppens naturlige helbredelsesprocesser og betydningen af indre balance, som hun videreformidler i sit arbejde. <\/p>\n<p>Doris har modtaget undervisning og supervision\u00a0af Helen Gamborg, Henrik Krag og Jes Bertelsen &#8211; en undervisning, der har formet hendes tilgang til livet og behandlingsmetoder.<\/p>\n\t\t\t<a href=\"https:\/\/www.instagram.com\/dorisknak\/\" target=\"_blank\" rel=\"noopener\">\n\t\t\t\t\t\tF\u00d8LG MIG P\u00c5 INSTAGRAM >>\n\t\t\t\t\t<\/a>\n<h2>\n\t\t\thealing\t<\/h2>\n<h2>\n\t\t\tlivsgl\u00e6de\t<\/h2>\n<h2  id=\"kontakt\">\n\t\t\tKONTAKT\t<\/h2>\n<h4  id=\"kontakt\">\n\t\t\tpraktisk info \u00b7 tilmelding \u00b7 betaling\t<\/h4>\n<p>Du er velkommen til at kontakte mig med eventuelle sp\u00f8rgsm\u00e5l og i det hele taget ang\u00e5ende kurser og forl\u00f8b.<\/p>\n<h5>TILMELDING<\/h5>\n<h6>tilmelding p\u00e5 mail eller telefon<\/h6>\nVed tilmelding p\u00e5 mail, husk at skrive dit fulde navn og mailadresse.<br \/>\nN\u00e5r betaling efterf\u00f8lgende er gennemf\u00f8rt, er du tilmeldt.\n<p>Hvis du er studerende, kan der aftales mulighed om reduceret pris.<\/p>\n<p><a href=\"https:\/\/eym.dk\/doris\/#afmeldingsregler\">L\u00e6s om afmeldingsregler her &gt;&gt;<\/a><\/p>\n\t<h5>BETALING<\/h5>\n<h6>sker via mobilepay p\u00e5 mob: 22 54 12 79<\/h6>\n<p>Husk at angive navn og hvilket\u00a0 kursus\/forl\u00f8b indbetalingen g\u00e6lder.<\/p>\n<h5>ADRESSE<\/h5>\n<p>Medmindre andet er n\u00e6vnt, afholdes alle tilbud i min klinik p\u00e5:<\/p>\n<h6>KLINIK<br \/>\nKirkevej 13<br \/>\n7620 LEMVIG<\/h6>\n<h6><a href=\"https:\/\/www.google.com\/maps\/place\/Kirkevej+13,+7620+Lemvig\/@56.5482465,8.3012352,593m\/data=!3m1!1e3!4m6!3m5!1s0x464a23d96279d6ab:0x699daee0d03a9fcf!8m2!3d56.5484192!4d8.3028968!16s%2Fg%2F11c5glmx7c?authuser=0&amp;entry=ttu&amp;g_ep=EgoyMDI1MDczMC4wIKXMDSoASAFQAw%3D%3D\" target=\"_blank\" rel=\"noopener\">Se kort &gt;&gt;<\/a><\/h6>\n<h5>PRAKTISK<\/h5>\nOmr\u00e5det er skofrit, s\u00e5 medbring gerne tykke sokker eller indesko.<br \/>\nT\u00e6pper, puder og madrasser findes. Tag t\u00f8j p\u00e5, du kan bev\u00e6ge dig i.\nTil dagskurser:<br \/>\nDer serveres te og kaffe.<br \/>\nMedbring selv frokost\/madpakke.\n\t<h6><strong>AFMELDINGSREGLER<\/strong><\/h6>\n<p>Betaling for <strong>tilmeldt gruppeforl\u00f8b <\/strong>refunderes ikke, hvis du afmelder eller ikke deltager.<\/p>\nBetaling for <strong>kurser &amp; forl\u00f8b<br \/>\n<\/strong>Ved afmelding senest 3 uger f\u00f8r start refunderes det fulde bel\u00f8b minus et gebyr p\u00e5 450 kr.\nVed afmelding senere end 1 uge inden et kursus\/forl\u00f8b eller ved manglende opm\u00f8de, refunderes s\u00e6dvanligvis ingen betaling.<br \/>\nHvis en afmelding skyldes helt s\u00e6rlige omst\u00e6ndigheder, kan der anmodes om hel eller delvis refundering.\n<p>I forbindelse med retreats, kan der g\u00e6lde s\u00e6rlige afmeldingsregler, disse anf\u00f8res under beskrivelsen.<\/p>\n<p><em>Ved aflysning <\/em>af et arrangement, refunderes den fulde betaling. I dette tilf\u00e6lde h\u00e6fter jeg dog kun for det indbetalt bel\u00f8b.<\/p>\n<p>&nbsp;<\/p>\n<h2>\n\t\t\thealing \u00b7\u00a0n\u00e6rv\u00e6r \u00b7 meditation \u00b7\u00a0livsgl\u00e6de \u00b7\u00a0vitalitet\t<\/h2>\n\t\t\t<a href=\"https:\/\/www.instagram.com\/dorisknak\/\" target=\"_blank\" rel=\"noopener\">\n\t\t\t\t\t\tF\u00d8LG MIG P\u00c5 INSTAGRAM >>\n\t\t\t\t\t<\/a>\n\n","protected":false},"excerpt":{"rendered":"<p>Doris Knak healing \u00b7\u00a0n\u00e6rv\u00e6r \u00b7 meditation \u00b7\u00a0livsgl\u00e6de \u00b7\u00a0vitalitet Del p\u00e5 facebook eller mail Et nyt kapitel &#8211; og en sk\u00f8n hverdag i den nye klinik Den 1. august flyttede jeg klinikken til Kirkevej 13 &#8211; og nu, et par m\u00e5neder senere, kan jeg med gl\u00e6de sige, at jeg er faldet rigtig godt til. Lokalerne summer&hellip;<\/p>\n","protected":false},"author":1,"featured_media":1189,"parent":0,"menu_order":0,"comment_status":"closed","ping_status":"closed","template":"","meta":{"footnotes":""},"class_list":["post-18","page","type-page","status-publish","has-post-thumbnail","hentry"],"_links":{"self":[{"href":"https:\/\/eym.dk\/doris\/wp-json\/wp\/v2\/pages\/18","targetHints":{"allow":["GET"]}}],"collection":[{"href":"https:\/\/eym.dk\/doris\/wp-json\/wp\/v2\/pages"}],"about":[{"href":"https:\/\/eym.dk\/doris\/wp-json\/wp\/v2\/types\/page"}],"author":[{"embeddable":true,"href":"https:\/\/eym.dk\/doris\/wp-json\/wp\/v2\/users\/1"}],"replies":[{"embeddable":true,"href":"https:\/\/eym.dk\/doris\/wp-json\/wp\/v2\/comments?post=18"}],"version-history":[{"count":168,"href":"https:\/\/eym.dk\/doris\/wp-json\/wp\/v2\/pages\/18\/revisions"}],"predecessor-version":[{"id":1395,"href":"https:\/\/eym.dk\/doris\/wp-json\/wp\/v2\/pages\/18\/revisions\/1395"}],"wp:featuredmedia":[{"embeddable":true,"href":"https:\/\/eym.dk\/doris\/wp-json\/wp\/v2\/media\/1189"}],"wp:attachment":[{"href":"https:\/\/eym.dk\/doris\/wp-json\/wp\/v2\/media?parent=18"}],"curies":[{"name":"wp","href":"https:\/\/api.w.org\/{rel}","templated":true}]}}